{"id":1189,"date":"2021-05-11T01:06:11","date_gmt":"2021-05-10T23:06:11","guid":{"rendered":"https:\/\/www.festival-lesenchanteurs.com\/?page_id=1189"},"modified":"2025-11-12T22:03:11","modified_gmt":"2025-11-12T21:03:11","slug":"mentions-legales","status":"publish","type":"page","link":"https:\/\/www.festival-lesenchanteurs.com\/?page_id=1189","title":{"rendered":"Mentions L\u00e9gales"},"content":{"rendered":"\t\t<div data-elementor-type=\"wp-page\" data-elementor-id=\"1189\" class=\"elementor elementor-1189\" data-elementor-settings=\"[]\">\n\t\t\t\t\t\t\t<div class=\"elementor-section-wrap\">\n\t\t\t\t\t\t\t<section class=\"elementor-section elementor-top-section elementor-element elementor-element-52de0b5 elementor-section-boxed elementor-section-height-default elementor-section-height-default\" data-id=\"52de0b5\" data-element_type=\"section\">\n\t\t\t\t\t\t<div class=\"elementor-container elementor-column-gap-default\">\n\t\t\t\t\t<div class=\"elementor-column elementor-col-33 elementor-top-column elementor-element elementor-element-cee227e\" data-id=\"cee227e\" data-element_type=\"column\">\n\t\t\t<div class=\"elementor-widget-wrap elementor-element-populated\">\n\t\t\t\t\t\t\t\t<div class=\"elementor-element elementor-element-dcd5bcb elementor-widget elementor-widget-image\" data-id=\"dcd5bcb\" data-element_type=\"widget\" data-widget_type=\"image.default\">\n\t\t\t\t<div class=\"elementor-widget-container\">\n\t\t\t\t\t\t\t\t\t\t\t\t\t\t\t<img width=\"1024\" height=\"782\" src=\"https:\/\/www.festival-lesenchanteurs.com\/wp-content\/uploads\/2023\/12\/logo_DDC_HD-1024x782.png\" class=\"attachment-large size-large\" alt=\"\" loading=\"lazy\" srcset=\"https:\/\/www.festival-lesenchanteurs.com\/wp-content\/uploads\/2023\/12\/logo_DDC_HD-1024x782.png 1024w, https:\/\/www.festival-lesenchanteurs.com\/wp-content\/uploads\/2023\/12\/logo_DDC_HD-300x229.png 300w, https:\/\/www.festival-lesenchanteurs.com\/wp-content\/uploads\/2023\/12\/logo_DDC_HD-768x586.png 768w, https:\/\/www.festival-lesenchanteurs.com\/wp-content\/uploads\/2023\/12\/logo_DDC_HD-1536x1173.png 1536w, https:\/\/www.festival-lesenchanteurs.com\/wp-content\/uploads\/2023\/12\/logo_DDC_HD-2048x1564.png 2048w\" sizes=\"(max-width: 1024px) 100vw, 1024px\" \/>\t\t\t\t\t\t\t\t\t\t\t\t\t\t\t<\/div>\n\t\t\t\t<\/div>\n\t\t\t\t\t<\/div>\n\t\t<\/div>\n\t\t\t\t<div class=\"elementor-column elementor-col-66 elementor-top-column elementor-element elementor-element-93383a1\" data-id=\"93383a1\" data-element_type=\"column\">\n\t\t\t<div class=\"elementor-widget-wrap elementor-element-populated\">\n\t\t\t\t\t\t\t\t<div class=\"elementor-element elementor-element-bc83288 elementor-widget elementor-widget-text-editor\" data-id=\"bc83288\" data-element_type=\"widget\" data-widget_type=\"text-editor.default\">\n\t\t\t\t<div class=\"elementor-widget-container\">\n\t\t\t\t\t\t\t\t<p><span style=\"text-decoration: underline;\"><strong>\u00c9DITEUR<\/strong> <\/span><\/p><p>Le site www.festival-lesenchanteurs.com\u00a0 un site Internet \u00e9dit\u00e9 par l&rsquo;association DROIT DE CIT\u00c9<\/p><p>DROIT DE CIT\u00c9<br \/>32 Rue de l\u2019Abb\u00e9,<br \/>62160 Aix-Noulette<br \/><span class=\"GRkHZd w8qArf\">T\u00e9l\u00e9phone\u00a0: <\/span><span class=\"LrzXr zdqRlf kno-fv\">03 21 49 21 21 &#8211; <\/span>contact@droitdecite.com &#8211; N\u00b0 SIRET : 38874789100041<\/p><p><strong>Directeur de la publication : BRIDOUX Laurent <\/strong><\/p><p><span style=\"text-decoration: underline;\"><strong>CR\u00c9ATION DU SITE :<\/strong><\/span><\/p><p>LAURENT CHARASSON COMMUNITY MANAGER<\/p><p>6 R\u00e9sidence de la brasserie<br \/>62950 NOYELLES-GODAULT<br \/>Port. : +33(0)7 72 10 09 92 &#8211; contact@laurentcharasson.com &#8211;\u00a0N\u00b0SIRET : 85336523700017<\/p><p><span style=\"text-decoration: underline;\"><strong>H\u00c9BERGEMENT <br \/><\/strong><\/span>OVH<br \/>SAS au capital de 10 069 020 \u20ac<br \/>RCS Lille M\u00e9tropole 424 761 419 00045<br \/>Code APE 2620Z<br \/>N\u00b0 TVA : FR 22 424 761 419<br \/>Si\u00e8ge social : 2 rue Kellermann &#8211; 59100 Roubaix &#8211; France<\/p><p><span style=\"text-decoration: underline;\"><strong>DONN\u00c9ES PERSONNELLES<\/strong><\/span><\/p><p>Aucune donn\u00e9e personnelle n\u2019est collect\u00e9e \u00e0 l\u2019insu des visiteurs du site www.festival-lesenchanteurs.com<\/p><p>Les donn\u00e9es personnelles fournies par l\u2019utilisateur du service ne sont en aucun cas c\u00e9d\u00e9es ou rendues accessibles \u00e0 quelque entit\u00e9 tierce que ce soit sans son accord pr\u00e9alable.<\/p><p>Les adresses e-mail publi\u00e9es sur le site sont crypt\u00e9es afin de prot\u00e9ger les utilisateurs du service des robots spammeurs.<\/p><p>Droit d\u2019acc\u00e8s, de modification et de suppression<\/p><p>Vous disposez, conform\u00e9ment \u00e0 l\u2019article 34 de la loi \u00ab\u00a0Informatique et Libert\u00e9s\u00a0\u00bb du 6 janvier 1978, d\u2019un droit d\u2019acc\u00e8s, de rectification, de modification et de suppression concernant les donn\u00e9es qui vous concernent, et pouvez exiger la suppression de vos contributions des forums du site.<br \/>Vous pouvez exercer ce droit en nous contactant.<\/p>\t\t\t\t\t\t<\/div>\n\t\t\t\t<\/div>\n\t\t\t\t\t<\/div>\n\t\t<\/div>\n\t\t\t\t\t\t\t<\/div>\n\t\t<\/section>\n\t\t\t\t<section class=\"elementor-section elementor-top-section elementor-element elementor-element-5f58970 elementor-section-boxed elementor-section-height-default elementor-section-height-default\" data-id=\"5f58970\" data-element_type=\"section\">\n\t\t\t\t\t\t<div class=\"elementor-container elementor-column-gap-default\">\n\t\t\t\t\t\t\t\t<\/div>\n\t\t<\/section>\n\t\t\t\t\t\t<\/div>\n\t\t\t\t\t<\/div>\n\t\t","protected":false},"excerpt":{"rendered":"<p>\u00c9DITEUR Le site www.festival-lesenchanteurs.com\u00a0 un site Internet \u00e9dit\u00e9 par l&rsquo;association DROIT DE CIT\u00c9 DROIT DE CIT\u00c932 Rue de l\u2019Abb\u00e9,62160 Aix-NouletteT\u00e9l\u00e9phone\u00a0: 03 21 49 21 21 &#8211; contact@droitdecite.com &#8211; N\u00b0 SIRET : 38874789100041 Directeur de la publication : BRIDOUX Laurent CR\u00c9ATION DU SITE : LAURENT CHARASSON COMMUNITY MANAGER 6 R\u00e9sidence de la brasserie62950 NOYELLES-GODAULTPort. : +33(0)7 [&hellip;]<\/p>\n","protected":false},"author":2,"featured_media":0,"parent":0,"menu_order":0,"comment_status":"closed","ping_status":"closed","template":"","meta":[],"_links":{"self":[{"href":"https:\/\/www.festival-lesenchanteurs.com\/index.php?rest_route=\/wp\/v2\/pages\/1189"}],"collection":[{"href":"https:\/\/www.festival-lesenchanteurs.com\/index.php?rest_route=\/wp\/v2\/pages"}],"about":[{"href":"https:\/\/www.festival-lesenchanteurs.com\/index.php?rest_route=\/wp\/v2\/types\/page"}],"author":[{"embeddable":true,"href":"https:\/\/www.festival-lesenchanteurs.com\/index.php?rest_route=\/wp\/v2\/users\/2"}],"replies":[{"embeddable":true,"href":"https:\/\/www.festival-lesenchanteurs.com\/index.php?rest_route=%2Fwp%2Fv2%2Fcomments&post=1189"}],"version-history":[{"count":19,"href":"https:\/\/www.festival-lesenchanteurs.com\/index.php?rest_route=\/wp\/v2\/pages\/1189\/revisions"}],"predecessor-version":[{"id":11785,"href":"https:\/\/www.festival-lesenchanteurs.com\/index.php?rest_route=\/wp\/v2\/pages\/1189\/revisions\/11785"}],"wp:attachment":[{"href":"https:\/\/www.festival-lesenchanteurs.com\/index.php?rest_route=%2Fwp%2Fv2%2Fmedia&parent=1189"}],"curies":[{"name":"wp","href":"https:\/\/api.w.org\/{rel}","templated":true}]}}